{"id":287,"date":"2018-04-12T16:44:51","date_gmt":"2018-04-12T16:44:51","guid":{"rendered":"http:\/\/organic.kutethemes.net\/?page_id=287"},"modified":"2023-12-28T09:12:30","modified_gmt":"2023-12-28T14:12:30","slug":"about-us","status":"publish","type":"page","link":"https:\/\/www.imaportal.co\/ecommerce_imaportal\/about-us\/","title":{"rendered":"Sobre nosotros"},"content":{"rendered":"<p>[vc_row][vc_column][vc_custom_heading text=\u00bbBienvenidos a nuestra tienda virtual!\u00bb font_container=\u00bbtag:div|font_size:40px|text_align:center|color:%23222222&#8243; google_fonts=\u00bbfont_family:Cairo%3Aregular|font_style:700%20bold%20%3A700%3Anormal\u00bb ovic_custom_id=\u00bbovic_custom_658d824f40e50&#8243; css_desktop=\u00bb.vc_custom_1551381773354{margin-top: 25px !important;margin-bottom: 20px !important;}\u00bb css_tablet=\u00bb.vc_custom_1551381773410{margin-bottom: 20px !important;}\u00bb responsive_font_mobile=\u00bbfont_size:30&#8243; hidden_markup=\u00bb\u00bb][vc_custom_heading text=\u00bbFabricamos y comercializamos productos alimenticios saludables\u00bb font_container=\u00bbtag:div|font_size:15px|text_align:center|color:%23666666&#8243; google_fonts=\u00bbfont_family:Playfair%20Display%3Aregular%2Citalic%2C700%2C700italic%2C900%2C900italic|font_style:400%20italic%3A400%3Aitalic\u00bb ovic_custom_id=\u00bbovic_custom_658d824f40e53&#8243;][\/vc_column][\/vc_row][vc_row full_width=\u00bbstretch_row\u00bb disable_bg_tablet=\u00bbyes\u00bb disable_bg_ipad=\u00bbyes\u00bb disable_bg_mobile=\u00bbyes\u00bb ovic_custom_id=\u00bbovic_custom_658d824f40e54&#8243; css_desktop=\u00bb.vc_custom_1563071862978{margin-bottom: 20px !important;padding-top: 60px !important;padding-bottom: 60px !important;background-image: url(https:\/\/www.imaportal.co\/ecommerce_imaportal\/wp-content\/uploads\/2018\/04\/bg-about-1.jpg?id=309) !important;background-position: center !important;background-repeat: no-repeat !important;background-size: cover !important;}\u00bb css_tablet=\u00bb.vc_custom_1563071863045{padding-top: 40px !important;padding-bottom: 30px !important;}\u00bb css_mobile=\u00bb.vc_custom_1563071863106{padding-bottom: 40px !important;}\u00bb css_ipad=\u00bb.vc_custom_1563071863074{padding-bottom: 40px !important;}\u00bb custom_css_ipad=\u00bbbackground-image:none;\u00bb][vc_column width=\u00bb1\/2&#8243; offset=\u00bbvc_col-lg-6 vc_hidden-md vc_hidden-sm vc_hidden-xs\u00bb ovic_custom_id=\u00bbovic_custom_658d824f40e55&#8243;][\/vc_column][vc_column ovic_custom_id=\u00bbovic_custom_658d824f40e56&#8243; css_desktop=\u00bb.vc_custom_1536372989269{padding-left: 90px !important;}\u00bb offset=\u00bbvc_col-lg-6 vc_col-md-12 vc_col-xs-12&#8243; css_tablet=\u00bb.vc_custom_1536372989294{padding-right: 15px !important;padding-left: 15px !important;}\u00bb width_rows_tablet=\u00bb100&#8243; width_rows_mobile=\u00bb100&#8243; width_rows_ipad=\u00bb100&#8243;][vc_custom_heading text=\u00bbConsideramos que m\u00e1s que productos y clientes, contamos con soluciones saludables y nutritivas, que llegan d\u00eda a d\u00eda a los hogares de las familias que conf\u00edan en nuestro trabajo, el cual se en marca en el mejoramiento continuo. Al cumplir con nuestros est\u00e1ndares de calidad, que nos ubican en el mercado local, regional, y nacional como la alternativa alimentaria con m\u00e1s proyecci\u00f3n, estamos aportando a la problem\u00e1tica social de nutrici\u00f3n de nuestra poblaci\u00f3n consumidora en crecimiento.\u00bb font_container=\u00bbtag:div|font_size:15px|text_align:left|color:%23555555|line_height:24px\u00bb google_fonts=\u00bbfont_family:Cairo%3Aregular|font_style:400%20regular%3A400%3Anormal\u00bb ovic_custom_id=\u00bbovic_custom_658d824f40e57&#8243; css_desktop=\u00bb.vc_custom_1551370360021{margin-bottom: 25px !important;}\u00bb][vc_custom_heading text=\u00bb\u00abNos comprometemos con la innovaci\u00f3n constante de nuestros productos, desarrollando variedades que se adapten a todos nuestros consumidores, resaltando que nuestros son dirigidos a todas la personas y que contamos con las mejores practicas de producci\u00f3n y calidad de la industria\u00ab.\u00bb font_container=\u00bbtag:div|font_size:15px|text_align:left|color:%237faf51|line_height:24px\u00bb google_fonts=\u00bbfont_family:Ubuntu%3A300%2C300italic%2Cregular%2Citalic%2C500%2C500italic%2C700%2C700italic|font_style:400%20italic%3A400%3Aitalic\u00bb ovic_custom_id=\u00bbovic_custom_658d824f40e58&#8243; css_desktop=\u00bb.vc_custom_1703772696585{padding-left: 20px !important;}\u00bb hidden_markup_01=\u00bb\u00bb hidden_markup_desktop=\u00bb\u00bb responsive_font_desktop=\u00bbcolor:%238224e3&#8243; hidden_markup_laptop=\u00bb\u00bb hidden_markup_tablet=\u00bb\u00bb hidden_markup_ipad=\u00bb\u00bb hidden_markup_mobile=\u00bb\u00bb][\/vc_column][\/vc_row][vc_row full_width=\u00bbstretch_row\u00bb disable_bg_ipad=\u00bbyes\u00bb disable_bg_mobile=\u00bbyes\u00bb ovic_custom_id=\u00bbovic_custom_658d824f40e59&#8243; css_desktop=\u00bb.vc_custom_1536373552123{padding-top: 56px !important;padding-bottom: 100px !important;background-image: url(http:\/\/localhost\/imaportal\/wp-content\/uploads\/2018\/04\/bg-about-2-1.jpg?id=324) !important;background-position: center !important;background-repeat: no-repeat !important;background-size: cover !important;}\u00bb css_mobile=\u00bb.vc_custom_1536373552156{padding-bottom: 50px !important;}\u00bb css_tablet=\u00bb.vc_custom_1536373552139{padding-top: 25px !important;padding-bottom: 0px !important;}\u00bb el_class=\u00bbbg-display-none\u00bb][vc_column][vc_custom_heading text=\u00bbYosi Light\u00bb font_container=\u00bbtag:div|font_size:40px|text_align:center|color:%23222222&#8243; google_fonts=\u00bbfont_family:Cairo%3Aregular|font_style:700%20bold%20%3A700%3Anormal\u00bb ovic_custom_id=\u00bbovic_custom_658d824f40e5a\u00bb css_desktop=\u00bb.vc_custom_1552081921733{margin-bottom: 11px !important;}\u00bb responsive_font_mobile=\u00bbfont_size:30&#8243;][vc_custom_heading text=\u00bbSer saludable m\u00e1s que un objetivo, es una forma de vida\u00bb font_container=\u00bbtag:div|font_size:15px|text_align:center|color:%23666666&#8243; google_fonts=\u00bbfont_family:Playfair%20Display%3Aregular%2Citalic%2C700%2C700italic%2C900%2C900italic|font_style:400%20italic%3A400%3Aitalic\u00bb ovic_custom_id=\u00bbovic_custom_658d824f40e5b\u00bb css_desktop=\u00bb.vc_custom_1551381538568{margin-bottom: 30px !important;}\u00bb][vc_row_inner ovic_custom_id=\u00bbovic_custom_658d824f40e5c\u00bb css_desktop=\u00bb.vc_custom_1563071989132{background-image: url(https:\/\/www.imaportal.co\/ecommerce_imaportal\/wp-content\/uploads\/2018\/04\/bg-about-2-1.jpg?id=324) !important;background-position: center !important;background-repeat: no-repeat !important;background-size: cover !important;}\u00bb][vc_column_inner width=\u00bb1\/2&#8243; offset=\u00bbvc_col-lg-3 vc_col-md-3&#8243; ovic_custom_id=\u00bbovic_custom_658d824f40e5d\u00bb css_desktop=\u00bb.vc_custom_1552081770757{margin-top: -85px !important;}\u00bb]        <div class=\"ovic-iconbox style2 \">\r\n            <div class=\"inner\">\r\n                                    <p class=\"desc\">01<\/p>\r\n                                <div class=\"icon image-effect\">\r\n                    <br \/>\n<b>Warning<\/b>:  Undefined array key \"selected_icon\" in <b>\/home\/andersnet21\/public_html\/ecommerce_imaportal\/wp-content\/themes\/biolife\/shortcode\/ovic_iconbox\/ovic_iconbox.php<\/b> on line <b>44<\/b><br \/>\n                <\/div>\r\n                <div class=\"content\">\r\n                                            <h3 class=\"title\">Sin az\u00facar<\/h3>\r\n                                    <\/div>\r\n            <\/div>\r\n        <\/div>\r\n                <div class=\"ovic-iconbox style2 \">\r\n            <div class=\"inner\">\r\n                                    <p class=\"desc\">02<\/p>\r\n                                <div class=\"icon image-effect\">\r\n                    <br \/>\n<b>Warning<\/b>:  Undefined array key \"selected_icon\" in <b>\/home\/andersnet21\/public_html\/ecommerce_imaportal\/wp-content\/themes\/biolife\/shortcode\/ovic_iconbox\/ovic_iconbox.php<\/b> on line <b>44<\/b><br \/>\n                <\/div>\r\n                <div class=\"content\">\r\n                                            <h3 class=\"title\">Avalado<\/h3>\r\n                                    <\/div>\r\n            <\/div>\r\n        <\/div>\r\n                <div class=\"ovic-iconbox style2 \">\r\n            <div class=\"inner\">\r\n                                    <p class=\"desc\">03<\/p>\r\n                                <div class=\"icon image-effect\">\r\n                    <br \/>\n<b>Warning<\/b>:  Undefined array key \"selected_icon\" in <b>\/home\/andersnet21\/public_html\/ecommerce_imaportal\/wp-content\/themes\/biolife\/shortcode\/ovic_iconbox\/ovic_iconbox.php<\/b> on line <b>44<\/b><br \/>\n                <\/div>\r\n                <div class=\"content\">\r\n                                            <h3 class=\"title\">Deslactosado<\/h3>\r\n                                    <\/div>\r\n            <\/div>\r\n        <\/div>\r\n        [\/vc_column_inner][vc_column_inner width=\u00bb1\/2&#8243; offset=\u00bbvc_col-lg-6 vc_col-md-6 vc_hidden-sm vc_hidden-xs\u00bb ovic_custom_id=\u00bbovic_custom_658d824f40e61&#8243; css_desktop=\u00bb.vc_custom_1552081128712{margin-top: 20px !important;}\u00bb][\/vc_column_inner][vc_column_inner width=\u00bb1\/2&#8243; ovic_custom_id=\u00bbovic_custom_658d824f40e62&#8243; offset=\u00bbvc_col-lg-3 vc_col-md-3&#8243; css_desktop=\u00bb.vc_custom_1552082893181{margin-top: -85px !important;}\u00bb]        <div class=\"ovic-iconbox style2 \">\r\n            <div class=\"inner\">\r\n                                    <p class=\"desc\">04<\/p>\r\n                                <div class=\"icon image-effect\">\r\n                    <br \/>\n<b>Warning<\/b>:  Undefined array key \"selected_icon\" in <b>\/home\/andersnet21\/public_html\/ecommerce_imaportal\/wp-content\/themes\/biolife\/shortcode\/ovic_iconbox\/ovic_iconbox.php<\/b> on line <b>44<\/b><br \/>\n                <\/div>\r\n                <div class=\"content\">\r\n                                            <h3 class=\"title\">0% grasa<\/h3>\r\n                                    <\/div>\r\n            <\/div>\r\n        <\/div>\r\n                <div class=\"ovic-iconbox style2 \">\r\n            <div class=\"inner\">\r\n                                    <p class=\"desc\">05<\/p>\r\n                                <div class=\"icon image-effect\">\r\n                    <br \/>\n<b>Warning<\/b>:  Undefined array key \"selected_icon\" in <b>\/home\/andersnet21\/public_html\/ecommerce_imaportal\/wp-content\/themes\/biolife\/shortcode\/ovic_iconbox\/ovic_iconbox.php<\/b> on line <b>44<\/b><br \/>\n                <\/div>\r\n                <div class=\"content\">\r\n                                            <h3 class=\"title\">Con Probi\u00f3ticos<\/h3>\r\n                                    <\/div>\r\n            <\/div>\r\n        <\/div>\r\n                <div class=\"ovic-iconbox style2 \">\r\n            <div class=\"inner\">\r\n                                    <p class=\"desc\">06<\/p>\r\n                                <div class=\"icon image-effect\">\r\n                    <br \/>\n<b>Warning<\/b>:  Undefined array key \"selected_icon\" in <b>\/home\/andersnet21\/public_html\/ecommerce_imaportal\/wp-content\/themes\/biolife\/shortcode\/ovic_iconbox\/ovic_iconbox.php<\/b> on line <b>44<\/b><br \/>\n                <\/div>\r\n                <div class=\"content\">\r\n                                            <h3 class=\"title\">Est\u00e1ndares de calidad<\/h3>\r\n                                    <\/div>\r\n            <\/div>\r\n        <\/div>\r\n        [\/vc_column_inner][\/vc_row_inner][\/vc_column][\/vc_row][vc_row ovic_custom_id=\u00bbovic_custom_658d824f40e67&#8243;][vc_column][vc_custom_heading text=\u00bbNuestras marcas\u00bb font_container=\u00bbtag:div|font_size:40px|text_align:center|color:%23222222&#8243; google_fonts=\u00bbfont_family:Cairo%3Aregular|font_style:700%20bold%20%3A700%3Anormal\u00bb class=\u00bb\u00abstar-rating\u00bb ovic_custom_id=\u00bbovic_custom_658d824f40e68&#8243; css_desktop=\u00bb.vc_custom_1551381864522{margin-top: 74px !important;margin-bottom: 20px !important;background-position: center !important;background-repeat: no-repeat !important;background-size: cover !important;}\u00bb responsive_font_mobile=\u00bbfont_size:30&#8243; css_mobile=\u00bb.vc_custom_1551381864652{margin-top: 0px !important;}\u00bb][vc_custom_heading text=\u00bbProductos alimenticios\u00bb font_container=\u00bbtag:div|font_size:15px|text_align:center|color:%23666666&#8243; google_fonts=\u00bbfont_family:Playfair%20Display%3Aregular%2Citalic%2C700%2C700italic%2C900%2C900italic|font_style:400%20italic%3A400%3Aitalic\u00bb ovic_custom_id=\u00bbovic_custom_658d824f40e69&#8243; css_desktop=\u00bb.vc_custom_1551381953461{margin-bottom: 30px !important;}\u00bb][ovic_slide style=\u00bbdefault\u00bb owl_number_row=\u00bb1&#8243; owl_vertical=\u00bbfalse\u00bb owl_autoplay=\u00bbtrue\u00bb owl_autoplayspeed=\u00bb1000&#8243; owl_navigation=\u00bbfalse\u00bb owl_dots=\u00bbtrue\u00bb owl_loop=\u00bbtrue\u00bb owl_slidespeed=\u00bb300&#8243; owl_slide_margin=\u00bb30&#8243; owl_ls_items=\u00bb4&#8243; owl_lg_items=\u00bb4&#8243; owl_md_items=\u00bb3&#8243; owl_sm_items=\u00bb2&#8243; owl_xs_items=\u00bb2&#8243; owl_ts_items=\u00bb1&#8243; ovic_custom_id=\u00bbovic_custom_658d824f40e6a\u00bb][vc_single_image image=\u00bb2759&#8243; img_size=\u00bbfull\u00bb alignment=\u00bbcenter\u00bb onclick=\u00bbcustom_link\u00bb image_effect=\u00bbeffect effect25&#8243; ovic_custom_id=\u00bbovic_custom_658d824f40e6b\u00bb link=\u00bbhttp:\/\/localhost\/imaportal\/marcas\/yosi\/\u00bb][vc_single_image image=\u00bb3303&#8243; img_size=\u00bbfull\u00bb alignment=\u00bbcenter\u00bb onclick=\u00bbcustom_link\u00bb image_effect=\u00bbeffect effect25&#8243; ovic_custom_id=\u00bbovic_custom_658d824f40e6c\u00bb link=\u00bbhttp:\/\/localhost\/imaportal\/marcas\/brunchy\/\u00bb][vc_single_image image=\u00bb2761&#8243; img_size=\u00bbfull\u00bb alignment=\u00bbcenter\u00bb onclick=\u00bbcustom_link\u00bb image_effect=\u00bbeffect effect25&#8243; link=\u00bbhttp:\/\/localhost\/imaportal\/marcas\/frubby\/\u00bb ovic_custom_id=\u00bbovic_custom_658d824f40e6d\u00bb][vc_single_image image=\u00bb2760&#8243; img_size=\u00bbfull\u00bb alignment=\u00bbcenter\u00bb onclick=\u00bbcustom_link\u00bb image_effect=\u00bbeffect effect25&#8243; link=\u00bbhttp:\/\/localhost\/imaportal\/marcas\/la-pruebita\/\u00bb ovic_custom_id=\u00bbovic_custom_658d824f40e6e\u00bb][\/ovic_slide][\/vc_column][\/vc_row]<\/p>\n","protected":false},"excerpt":{"rendered":"<p>[vc_row][vc_column][vc_custom_heading text=\u00bbBienvenidos a nuestra tienda virtual!\u00bb font_container=\u00bbtag:div|font_size:40px|text_align:center|color:%23222222&#8243; google_fonts=\u00bbfont_family:Cairo%3Aregular|font_style:700%20bold%20%3A700%3Anormal\u00bb ovic_custom_id=\u00bbovic_custom_658d824f40e50&#8243; css_desktop=\u00bb.vc_custom_1551381773354{margin-top: 25px !important;margin-bottom: 20px !important;}\u00bb css_tablet=\u00bb.vc_custom_1551381773410{margin-bottom: 20px !important;}\u00bb responsive_font_mobile=\u00bbfont_size:30&#8243; hidden_markup=\u00bb\u00bb][vc_custom_heading text=\u00bbFabricamos y comercializamos productos alimenticios saludables\u00bb font_container=\u00bbtag:div|font_size:15px|text_align:center|color:%23666666&#8243; google_fonts=\u00bbfont_family:Playfair%20Display%3Aregular%2Citalic%2C700%2C700italic%2C900%2C900italic|font_style:400%20italic%3A400%3Aitalic\u00bb ovic_custom_id=\u00bbovic_custom_658d824f40e53&#8243;][\/vc_column][\/vc_row][vc_row full_width=\u00bbstretch_row\u00bb disable_bg_tablet=\u00bbyes\u00bb disable_bg_ipad=\u00bbyes\u00bb disable_bg_mobile=\u00bbyes\u00bb ovic_custom_id=\u00bbovic_custom_658d824f40e54&#8243; css_desktop=\u00bb.vc_custom_1563071862978{margin-bottom: 20px !important;padding-top: 60px !important;padding-bottom: 60px !important;background-image: url(https:\/\/www.imaportal.co\/ecommerce_imaportal\/wp-content\/uploads\/2018\/04\/bg-about-1.jpg?id=309) !important;background-position: center !important;background-repeat: no-repeat !important;background-size: cover !important;}\u00bb css_tablet=\u00bb.vc_custom_1563071863045{padding-top: 40px !important;padding-bottom: 30px !important;}\u00bb css_mobile=\u00bb.vc_custom_1563071863106{padding-bottom: 40px [&hellip;]<\/p>\n","protected":false},"author":1,"featured_media":0,"parent":0,"menu_order":0,"comment_status":"closed","ping_status":"closed","template":"templates\/fullwidth-no-title.php","meta":{"_monsterinsights_skip_tracking":false,"_monsterinsights_sitenote_active":false,"_monsterinsights_sitenote_note":"","_monsterinsights_sitenote_category":0,"footnotes":""},"class_list":["post-287","page","type-page","status-publish","hentry"],"aioseo_notices":[],"_links":{"self":[{"href":"https:\/\/www.imaportal.co\/ecommerce_imaportal\/wp-json\/wp\/v2\/pages\/287","targetHints":{"allow":["GET"]}}],"collection":[{"href":"https:\/\/www.imaportal.co\/ecommerce_imaportal\/wp-json\/wp\/v2\/pages"}],"about":[{"href":"https:\/\/www.imaportal.co\/ecommerce_imaportal\/wp-json\/wp\/v2\/types\/page"}],"author":[{"embeddable":true,"href":"https:\/\/www.imaportal.co\/ecommerce_imaportal\/wp-json\/wp\/v2\/users\/1"}],"replies":[{"embeddable":true,"href":"https:\/\/www.imaportal.co\/ecommerce_imaportal\/wp-json\/wp\/v2\/comments?post=287"}],"version-history":[{"count":11,"href":"https:\/\/www.imaportal.co\/ecommerce_imaportal\/wp-json\/wp\/v2\/pages\/287\/revisions"}],"predecessor-version":[{"id":12378,"href":"https:\/\/www.imaportal.co\/ecommerce_imaportal\/wp-json\/wp\/v2\/pages\/287\/revisions\/12378"}],"wp:attachment":[{"href":"https:\/\/www.imaportal.co\/ecommerce_imaportal\/wp-json\/wp\/v2\/media?parent=287"}],"curies":[{"name":"wp","href":"https:\/\/api.w.org\/{rel}","templated":true}]}}