{"id":3055,"date":"2019-02-19T13:07:55","date_gmt":"2019-02-19T18:07:55","guid":{"rendered":"http:\/\/localhost\/imaportal\/?page_id=3055"},"modified":"2021-07-08T15:35:25","modified_gmt":"2021-07-08T20:35:25","slug":"trabaja-con-nosotros","status":"publish","type":"page","link":"https:\/\/www.imaportal.co\/ecommerce_imaportal\/trabaja-con-nosotros\/","title":{"rendered":"Se solicita personal para:"},"content":{"rendered":"<p>[vc_row][vc_column][vc_column_text ovic_custom_id=\u00bbovic_custom_60e7618d6a012&#8243; css_desktop=\u00bb.vc_custom_1625776521370{margin-bottom: 20px !important;}\u00bb hidden_markup_01=\u00bb\u00bb hidden_markup_desktop=\u00bb\u00bb hidden_markup_laptop=\u00bb\u00bb hidden_markup_tablet=\u00bb\u00bb hidden_markup_ipad=\u00bb\u00bb hidden_markup_mobile=\u00bb\u00bb]A continuaci\u00f3n hay una lista de posibles aplicaciones para que env\u00edes tu hoja de vida seg\u00fan tu perfil y disponibilidad[\/vc_column_text][\/vc_column][\/vc_row][vc_row][vc_column ovic_custom_id=\u00bbovic_custom_60e7618d6a016&#8243;][vc_column_text ovic_custom_id=\u00bbovic_custom_60e7618d6a018&#8243; css_desktop=\u00bb.vc_custom_1625776425405{margin-bottom: 20px !important;}\u00bb]<b>Cargo: IMPULSADORA<\/b><\/p>\n<p><strong>Perfil:<\/strong> Se requiere impulsadora fines de semana medio tiempo, para laborar jueves, s\u00e1bado y domingo.\u00a0 Mujer entre los 18 y los 27 a\u00f1os, bien presentada, para promocionar nuestros productos.<\/p>\n<p><strong>Inscripci\u00f3n:<\/strong> Interesadas enviar hoja de vida al correo: nomina@imaportal.co<\/p>\n<p>[\/vc_column_text][\/vc_column][\/vc_row]<\/p>\n","protected":false},"excerpt":{"rendered":"<p>[vc_row][vc_column][vc_column_text ovic_custom_id=\u00bbovic_custom_60e7618d6a012&#8243; css_desktop=\u00bb.vc_custom_1625776521370{margin-bottom: 20px !important;}\u00bb hidden_markup_01=\u00bb\u00bb hidden_markup_desktop=\u00bb\u00bb hidden_markup_laptop=\u00bb\u00bb hidden_markup_tablet=\u00bb\u00bb hidden_markup_ipad=\u00bb\u00bb hidden_markup_mobile=\u00bb\u00bb]A continuaci\u00f3n hay una lista de posibles aplicaciones para que env\u00edes tu hoja de vida seg\u00fan tu perfil y disponibilidad[\/vc_column_text][\/vc_column][\/vc_row][vc_row][vc_column ovic_custom_id=\u00bbovic_custom_60e7618d6a016&#8243;][vc_column_text ovic_custom_id=\u00bbovic_custom_60e7618d6a018&#8243; css_desktop=\u00bb.vc_custom_1625776425405{margin-bottom: 20px !important;}\u00bb]Cargo: IMPULSADORA Perfil: Se requiere impulsadora fines de semana medio tiempo, para laborar jueves, s\u00e1bado y domingo.\u00a0 Mujer entre los 18 [&hellip;]<\/p>\n","protected":false},"author":1,"featured_media":0,"parent":0,"menu_order":0,"comment_status":"closed","ping_status":"closed","template":"","meta":{"_monsterinsights_skip_tracking":false,"_monsterinsights_sitenote_active":false,"_monsterinsights_sitenote_note":"","_monsterinsights_sitenote_category":0,"footnotes":""},"class_list":["post-3055","page","type-page","status-publish","hentry"],"aioseo_notices":[],"_links":{"self":[{"href":"https:\/\/www.imaportal.co\/ecommerce_imaportal\/wp-json\/wp\/v2\/pages\/3055","targetHints":{"allow":["GET"]}}],"collection":[{"href":"https:\/\/www.imaportal.co\/ecommerce_imaportal\/wp-json\/wp\/v2\/pages"}],"about":[{"href":"https:\/\/www.imaportal.co\/ecommerce_imaportal\/wp-json\/wp\/v2\/types\/page"}],"author":[{"embeddable":true,"href":"https:\/\/www.imaportal.co\/ecommerce_imaportal\/wp-json\/wp\/v2\/users\/1"}],"replies":[{"embeddable":true,"href":"https:\/\/www.imaportal.co\/ecommerce_imaportal\/wp-json\/wp\/v2\/comments?post=3055"}],"version-history":[{"count":8,"href":"https:\/\/www.imaportal.co\/ecommerce_imaportal\/wp-json\/wp\/v2\/pages\/3055\/revisions"}],"predecessor-version":[{"id":8086,"href":"https:\/\/www.imaportal.co\/ecommerce_imaportal\/wp-json\/wp\/v2\/pages\/3055\/revisions\/8086"}],"wp:attachment":[{"href":"https:\/\/www.imaportal.co\/ecommerce_imaportal\/wp-json\/wp\/v2\/media?parent=3055"}],"curies":[{"name":"wp","href":"https:\/\/api.w.org\/{rel}","templated":true}]}}