{"id":8,"date":"2018-04-03T08:08:28","date_gmt":"2018-04-03T08:08:28","guid":{"rendered":"http:\/\/organic.kutethemes.net\/?page_id=8"},"modified":"2024-07-12T08:36:44","modified_gmt":"2024-07-12T13:36:44","slug":"cart","status":"publish","type":"page","link":"https:\/\/www.imaportal.co\/ecommerce_imaportal\/cart\/","title":{"rendered":"Carrito"},"content":{"rendered":"<p>[vc_row][vc_column][vc_column_text ovic_custom_id=\u00bbovic_custom_6691316ccb623&#8243; css_desktop=\u00bb.vc_custom_1705065831970{background-color: #dd0000 !important;}\u00bb responsive_font_desktop=\u00bbcolor:%23ffffff\u00bb]<strong>\u00bfListo para llevar tus productos favoritos a casa? Estas a un paso de finalizar tu proceso.<\/strong>[\/vc_column_text][vc_column_text css_animation=\u00bbbounceInDown\u00bb ovic_custom_id=\u00bbovic_custom_6691316ccb625&#8243; css_desktop=\u00bb.vc_custom_1720014719234{background-color: #23c3ce !important;}\u00bb responsive_font_desktop=\u00bbcolor:%230a0a0a\u00bb]<strong>Te queremos contar de nuestro pago contra entrega, en la ciudad de Bogot\u00e1 el env\u00edo tiene un coste de $8.990, recuerda que \u00fanicamente pedidos de mas de $80.000 estar\u00e1n exentos de este cobro, deber\u00e1s marcar la casilla de envi\u00f3 gratis en tu carrito de compras para que este sea aplicado.<\/strong><\/p>\n<p>&nbsp;<\/p>\n<p><strong>Para Cundinamarca (Funza, Madrid, Mosquera, Soacha, Y Facatativ\u00e1) el envi\u00f3 tendr\u00e1 un coste de $16.990, pedidos de mas de $120.000 estar\u00e1n exentos de este cobro, deber\u00e1s marcar la casilla de envi\u00f3 gratis en tu carrito de compras para que este sea aplicado.<\/strong>[\/vc_column_text][\/vc_column][\/vc_row][vc_row][vc_column][\/vc_column][\/vc_row]<\/p>\n","protected":false},"excerpt":{"rendered":"<p>[vc_row][vc_column][vc_column_text ovic_custom_id=\u00bbovic_custom_6691316ccb623&#8243; css_desktop=\u00bb.vc_custom_1705065831970{background-color: #dd0000 !important;}\u00bb responsive_font_desktop=\u00bbcolor:%23ffffff\u00bb]\u00bfListo para llevar tus productos favoritos a casa? Estas a un paso de finalizar tu proceso.[\/vc_column_text][vc_column_text css_animation=\u00bbbounceInDown\u00bb ovic_custom_id=\u00bbovic_custom_6691316ccb625&#8243; css_desktop=\u00bb.vc_custom_1720014719234{background-color: #23c3ce !important;}\u00bb responsive_font_desktop=\u00bbcolor:%230a0a0a\u00bb]Te queremos contar de nuestro pago contra entrega, en la ciudad de Bogot\u00e1 el env\u00edo tiene un coste de $8.990, recuerda que \u00fanicamente pedidos de mas de $80.000 estar\u00e1n [&hellip;]<\/p>\n","protected":false},"author":1,"featured_media":0,"parent":0,"menu_order":0,"comment_status":"closed","ping_status":"closed","template":"templates\/fullwidth-no-title.php","meta":{"_monsterinsights_skip_tracking":false,"_monsterinsights_sitenote_active":false,"_monsterinsights_sitenote_note":"","_monsterinsights_sitenote_category":0,"footnotes":""},"class_list":["post-8","page","type-page","status-publish","hentry"],"aioseo_notices":[],"_links":{"self":[{"href":"https:\/\/www.imaportal.co\/ecommerce_imaportal\/wp-json\/wp\/v2\/pages\/8","targetHints":{"allow":["GET"]}}],"collection":[{"href":"https:\/\/www.imaportal.co\/ecommerce_imaportal\/wp-json\/wp\/v2\/pages"}],"about":[{"href":"https:\/\/www.imaportal.co\/ecommerce_imaportal\/wp-json\/wp\/v2\/types\/page"}],"author":[{"embeddable":true,"href":"https:\/\/www.imaportal.co\/ecommerce_imaportal\/wp-json\/wp\/v2\/users\/1"}],"replies":[{"embeddable":true,"href":"https:\/\/www.imaportal.co\/ecommerce_imaportal\/wp-json\/wp\/v2\/comments?post=8"}],"version-history":[{"count":25,"href":"https:\/\/www.imaportal.co\/ecommerce_imaportal\/wp-json\/wp\/v2\/pages\/8\/revisions"}],"predecessor-version":[{"id":13041,"href":"https:\/\/www.imaportal.co\/ecommerce_imaportal\/wp-json\/wp\/v2\/pages\/8\/revisions\/13041"}],"wp:attachment":[{"href":"https:\/\/www.imaportal.co\/ecommerce_imaportal\/wp-json\/wp\/v2\/media?parent=8"}],"curies":[{"name":"wp","href":"https:\/\/api.w.org\/{rel}","templated":true}]}}