{"id":2901,"date":"2019-02-08T14:21:24","date_gmt":"2019-02-08T19:21:24","guid":{"rendered":"http:\/\/localhost\/imaportal\/?post_type=product&#038;p=2901"},"modified":"2026-01-10T08:09:25","modified_gmt":"2026-01-10T13:09:25","slug":"yosi-light-frutos-rojos-vaso-150-g","status":"publish","type":"product","link":"https:\/\/www.imaportal.co\/ecommerce_imaportal\/product\/yosi-light-frutos-rojos-vaso-150-g\/","title":{"rendered":"Yosi Light Frutos Rojos Vaso 150 g"},"content":{"rendered":"","protected":false},"excerpt":{"rendered":"<p>Alimento l\u00e1cteo descremado, deslactosado, sin az\u00facar adicionada, light en calor\u00edas. Sabor a frutos rojos.<\/p>\n","protected":false},"featured_media":6399,"comment_status":"open","ping_status":"closed","template":"","meta":{"_monsterinsights_skip_tracking":false,"_monsterinsights_sitenote_active":false,"_monsterinsights_sitenote_note":"","_monsterinsights_sitenote_category":0},"pwb-brand":[130],"product_cat":[116,138],"product_tag":[122,170,124,120],"class_list":{"0":"post-2901","1":"product","2":"type-product","3":"status-publish","4":"has-post-thumbnail","6":"pwb-brand-yosi","7":"product_brand-yosi","8":"product_cat-alimento-light","9":"product_cat-yosi-light","10":"product_tag-deslactosado","11":"product_tag-frutos-rojos","12":"product_tag-light","13":"product_tag-sin-azucar","15":"first","16":"instock","17":"taxable","18":"shipping-taxable","19":"purchasable","20":"product-type-simple"},"aioseo_notices":[],"brands":[{"id":130,"name":"Yosi","slug":"yosi"}],"_links":{"self":[{"href":"https:\/\/www.imaportal.co\/ecommerce_imaportal\/wp-json\/wp\/v2\/product\/2901","targetHints":{"allow":["GET"]}}],"collection":[{"href":"https:\/\/www.imaportal.co\/ecommerce_imaportal\/wp-json\/wp\/v2\/product"}],"about":[{"href":"https:\/\/www.imaportal.co\/ecommerce_imaportal\/wp-json\/wp\/v2\/types\/product"}],"replies":[{"embeddable":true,"href":"https:\/\/www.imaportal.co\/ecommerce_imaportal\/wp-json\/wp\/v2\/comments?post=2901"}],"version-history":[{"count":1,"href":"https:\/\/www.imaportal.co\/ecommerce_imaportal\/wp-json\/wp\/v2\/product\/2901\/revisions"}],"predecessor-version":[{"id":16679,"href":"https:\/\/www.imaportal.co\/ecommerce_imaportal\/wp-json\/wp\/v2\/product\/2901\/revisions\/16679"}],"wp:featuredmedia":[{"embeddable":true,"href":"https:\/\/www.imaportal.co\/ecommerce_imaportal\/wp-json\/wp\/v2\/media\/6399"}],"wp:attachment":[{"href":"https:\/\/www.imaportal.co\/ecommerce_imaportal\/wp-json\/wp\/v2\/media?parent=2901"}],"wp:term":[{"taxonomy":"pwb-brand","embeddable":true,"href":"https:\/\/www.imaportal.co\/ecommerce_imaportal\/wp-json\/wp\/v2\/pwb-brand?post=2901"},{"taxonomy":"product_cat","embeddable":true,"href":"https:\/\/www.imaportal.co\/ecommerce_imaportal\/wp-json\/wp\/v2\/product_cat?post=2901"},{"taxonomy":"product_tag","embeddable":true,"href":"https:\/\/www.imaportal.co\/ecommerce_imaportal\/wp-json\/wp\/v2\/product_tag?post=2901"}],"curies":[{"name":"wp","href":"https:\/\/api.w.org\/{rel}","templated":true}]}}